{"id":3216,"date":"2025-03-05T15:43:32","date_gmt":"2025-03-05T15:43:32","guid":{"rendered":"https:\/\/fako-rft.ch\/fako\/?page_id=3216"},"modified":"2025-03-08T09:01:16","modified_gmt":"2025-03-08T09:01:16","slug":"bubenmarsch","status":"publish","type":"page","link":"https:\/\/fako-rft.ch\/fako\/bubenmarsch\/","title":{"rendered":"Bubenmarsch"},"content":{"rendered":"\t\t<div data-elementor-type=\"wp-page\" data-elementor-id=\"3216\" class=\"elementor elementor-3216\" data-elementor-post-type=\"page\">\n\t\t\t\t<div class=\"elementor-element elementor-element-40c1baf7 e-flex e-con-boxed e-con e-parent\" data-id=\"40c1baf7\" data-element_type=\"container\" data-settings=\"{&quot;background_background&quot;:&quot;classic&quot;}\">\n\t\t\t\t\t<div class=\"e-con-inner\">\n\t\t<div class=\"elementor-element elementor-element-10439ade e-con-full e-flex e-con e-child\" data-id=\"10439ade\" data-element_type=\"container\">\n\t\t\t\t<div class=\"elementor-element elementor-element-21178988 elementor-widget elementor-widget-heading\" data-id=\"21178988\" data-element_type=\"widget\" data-widget_type=\"heading.default\">\n\t\t\t\t<div class=\"elementor-widget-container\">\n\t\t\t\t\t<h2 class=\"elementor-heading-title elementor-size-default\">Bubenfastnacht<\/h2>\t\t\t\t<\/div>\n\t\t\t\t<\/div>\n\t\t<div class=\"elementor-element elementor-element-b78daf8 e-con-full e-flex e-con e-child\" data-id=\"b78daf8\" data-element_type=\"container\">\n\t\t\t\t<div class=\"elementor-element elementor-element-2b71421e elementor-widget elementor-widget-heading\" data-id=\"2b71421e\" data-element_type=\"widget\" data-widget_type=\"heading.default\">\n\t\t\t\t<div class=\"elementor-widget-container\">\n\t\t\t\t\t<h2 class=\"elementor-heading-title elementor-size-default\">Bubenmarsch<\/h2>\t\t\t\t<\/div>\n\t\t\t\t<\/div>\n\t\t\t\t<\/div>\n\t\t\t\t<div class=\"elementor-element elementor-element-4953f9e9 elementor-widget elementor-widget-text-editor\" data-id=\"4953f9e9\" data-element_type=\"widget\" data-widget_type=\"text-editor.default\">\n\t\t\t\t<div class=\"elementor-widget-container\">\n\t\t\t\t\t\t\t\t\t<p><span style=\"color: #ffff00;\">Am 28.02.2025 durften wir vom FAKO RFT den Bubenmarsch der Bassersdorfer Bubenfastnacht bei uns in Rorbas herzlich willkommen heissen. Die ungeschw\u00e4chte Truppe bestehend aus Narren, N\u00e4rrinnen, Tambouren und Pajasse, welche den Fussmarsch von Bassersdorf zu uns nach Rorbas unter die F\u00fcsse genommen hatten, wurden von uns im Sch\u00fctzenhaus Rorbas in Empfang genommen, wo sie sich bei Speiss und Trank wieder st\u00e4rken konnten.<\/span><\/p>\t\t\t\t\t\t\t\t<\/div>\n\t\t\t\t<\/div>\n\t\t\t\t<div class=\"elementor-element elementor-element-5a3b3cf0 elementor-widget elementor-widget-image\" data-id=\"5a3b3cf0\" data-element_type=\"widget\" data-widget_type=\"image.default\">\n\t\t\t\t<div class=\"elementor-widget-container\">\n\t\t\t\t\t\t\t\t\t\t\t\t\t\t\t\t<a href=\"https:\/\/fako-rft.ch\/fako\/wp-content\/uploads\/2025\/03\/IMG-20250303-WA0007-e1741291200224.jpg\" data-elementor-open-lightbox=\"yes\" data-elementor-lightbox-title=\"IMG-20250303-WA0007\" data-e-action-hash=\"#elementor-action%3Aaction%3Dlightbox%26settings%3DeyJpZCI6MzIyNCwidXJsIjoiaHR0cHM6XC9cL2Zha28tcmZ0LmNoXC9mYWtvXC93cC1jb250ZW50XC91cGxvYWRzXC8yMDI1XC8wM1wvSU1HLTIwMjUwMzAzLVdBMDAwNy1lMTc0MTI5MTIwMDIyNC5qcGcifQ%3D%3D\">\n\t\t\t\t\t\t\t<img decoding=\"async\" src=\"https:\/\/fako-rft.ch\/fako\/wp-content\/uploads\/2025\/03\/IMG-20250303-WA0007-e1741291200224.jpg\" title=\"IMG-20250303-WA0007\" alt=\"IMG-20250303-WA0007\" loading=\"lazy\" \/>\t\t\t\t\t\t\t\t<\/a>\n\t\t\t\t\t\t\t\t\t\t\t\t\t\t\t<\/div>\n\t\t\t\t<\/div>\n\t\t\t\t<div class=\"elementor-element elementor-element-43ddb981 elementor-widget elementor-widget-text-editor\" data-id=\"43ddb981\" data-element_type=\"widget\" data-widget_type=\"text-editor.default\">\n\t\t\t\t<div class=\"elementor-widget-container\">\n\t\t\t\t\t\t\t\t\t<h1><span style=\"color: #ffff00;\"><strong>Historie<\/strong><\/span><\/h1><p>Die Bassersdorfer Bubenfastnacht wurde erstmals 1883 erw\u00e4hnt. Sie war als Parodie auf die Musterungen zur Zeit des Helvetischen S\u00f6ldnertums gedacht. Bis 1933 nahmen m\u00e4nnliche Jugendliche \u2013 ausschliesslich die \u201eBuben\u201c \u2013 den Weg in einen benachbarten Bezirkshauptort unter die F\u00fcsse (und wieder zur\u00fcck!). 2006 ist der alte Brauch wieder belebt worden anl\u00e4sslich des 50-j\u00e4hrigen Bestehens des Fasnachtskomitees Bassersdorf \u2013 diesmal mit Erwachsenen beiderlei Geschlechts.<\/p>\t\t\t\t\t\t\t\t<\/div>\n\t\t\t\t<\/div>\n\t\t\t\t<div class=\"elementor-element elementor-element-83c0080 elementor-widget elementor-widget-text-editor\" data-id=\"83c0080\" data-element_type=\"widget\" data-widget_type=\"text-editor.default\">\n\t\t\t\t<div class=\"elementor-widget-container\">\n\t\t\t\t\t\t\t\t\t<p>Wir m\u00f6chten uns ganz Herzlich bei allen Teilnehmer bedanken die uns besucht haben.<\/p>\t\t\t\t\t\t\t\t<\/div>\n\t\t\t\t<\/div>\n\t\t\t\t<div class=\"elementor-element elementor-element-3fa5eb4d elementor-widget elementor-widget-heading\" data-id=\"3fa5eb4d\" data-element_type=\"widget\" data-widget_type=\"heading.default\">\n\t\t\t\t<div class=\"elementor-widget-container\">\n\t\t\t\t\t<h2 class=\"elementor-heading-title elementor-size-default\">Bubenmarsch vom 28.02.2025<\/h2>\t\t\t\t<\/div>\n\t\t\t\t<\/div>\n\t\t\t\t<div class=\"elementor-element elementor-element-30f1e549 gallery-spacing-custom elementor-widget elementor-widget-image-gallery\" data-id=\"30f1e549\" data-element_type=\"widget\" data-widget_type=\"image-gallery.default\">\n\t\t\t\t<div class=\"elementor-widget-container\">\n\t\t\t\t\t\t\t<div class=\"elementor-image-gallery\">\n\t\t\t<div id='gallery-1' class='gallery galleryid-3216 gallery-columns-4 gallery-size-thumbnail'><figure class='gallery-item'>\n\t\t\t<div class='gallery-icon portrait'>\n\t\t\t\t<a data-elementor-open-lightbox=\"yes\" data-elementor-lightbox-slideshow=\"30f1e549\" data-elementor-lightbox-title=\"IMG-20250305-WA0007\" data-e-action-hash=\"#elementor-action%3Aaction%3Dlightbox%26settings%3DeyJpZCI6MzIzMSwidXJsIjoiaHR0cHM6XC9cL2Zha28tcmZ0LmNoXC9mYWtvXC93cC1jb250ZW50XC91cGxvYWRzXC8yMDI1XC8wM1wvSU1HLTIwMjUwMzA1LVdBMDAwNy5qcGciLCJzbGlkZXNob3ciOiIzMGYxZTU0OSJ9\" href='https:\/\/fako-rft.ch\/fako\/wp-content\/uploads\/2025\/03\/IMG-20250305-WA0007.jpg'><img decoding=\"async\" width=\"150\" height=\"150\" src=\"https:\/\/fako-rft.ch\/fako\/wp-content\/uploads\/2025\/03\/IMG-20250305-WA0007-150x150.jpg\" class=\"attachment-thumbnail size-thumbnail\" alt=\"\" srcset=\"https:\/\/fako-rft.ch\/fako\/wp-content\/uploads\/2025\/03\/IMG-20250305-WA0007-150x150.jpg 150w, https:\/\/fako-rft.ch\/fako\/wp-content\/uploads\/2025\/03\/IMG-20250305-WA0007-600x600.jpg 600w\" sizes=\"(max-width: 150px) 100vw, 150px\" \/><\/a>\n\t\t\t<\/div><\/figure><figure class='gallery-item'>\n\t\t\t<div class='gallery-icon landscape'>\n\t\t\t\t<a data-elementor-open-lightbox=\"yes\" data-elementor-lightbox-slideshow=\"30f1e549\" data-elementor-lightbox-title=\"IMG-20250303-WA0003\" data-e-action-hash=\"#elementor-action%3Aaction%3Dlightbox%26settings%3DeyJpZCI6MzIyNywidXJsIjoiaHR0cHM6XC9cL2Zha28tcmZ0LmNoXC9mYWtvXC93cC1jb250ZW50XC91cGxvYWRzXC8yMDI1XC8wM1wvSU1HLTIwMjUwMzAzLVdBMDAwMy5qcGciLCJzbGlkZXNob3ciOiIzMGYxZTU0OSJ9\" href='https:\/\/fako-rft.ch\/fako\/wp-content\/uploads\/2025\/03\/IMG-20250303-WA0003.jpg'><img decoding=\"async\" width=\"150\" height=\"150\" src=\"https:\/\/fako-rft.ch\/fako\/wp-content\/uploads\/2025\/03\/IMG-20250303-WA0003-150x150.jpg\" class=\"attachment-thumbnail size-thumbnail\" alt=\"\" srcset=\"https:\/\/fako-rft.ch\/fako\/wp-content\/uploads\/2025\/03\/IMG-20250303-WA0003-150x150.jpg 150w, https:\/\/fako-rft.ch\/fako\/wp-content\/uploads\/2025\/03\/IMG-20250303-WA0003-600x600.jpg 600w\" sizes=\"(max-width: 150px) 100vw, 150px\" \/><\/a>\n\t\t\t<\/div><\/figure><figure class='gallery-item'>\n\t\t\t<div class='gallery-icon landscape'>\n\t\t\t\t<a data-elementor-open-lightbox=\"yes\" data-elementor-lightbox-slideshow=\"30f1e549\" data-elementor-lightbox-title=\"IMG-20250303-WA0006\" data-e-action-hash=\"#elementor-action%3Aaction%3Dlightbox%26settings%3DeyJpZCI6MzIyOCwidXJsIjoiaHR0cHM6XC9cL2Zha28tcmZ0LmNoXC9mYWtvXC93cC1jb250ZW50XC91cGxvYWRzXC8yMDI1XC8wM1wvSU1HLTIwMjUwMzAzLVdBMDAwNi5qcGciLCJzbGlkZXNob3ciOiIzMGYxZTU0OSJ9\" href='https:\/\/fako-rft.ch\/fako\/wp-content\/uploads\/2025\/03\/IMG-20250303-WA0006.jpg'><img decoding=\"async\" width=\"150\" height=\"150\" src=\"https:\/\/fako-rft.ch\/fako\/wp-content\/uploads\/2025\/03\/IMG-20250303-WA0006-150x150.jpg\" class=\"attachment-thumbnail size-thumbnail\" alt=\"\" srcset=\"https:\/\/fako-rft.ch\/fako\/wp-content\/uploads\/2025\/03\/IMG-20250303-WA0006-150x150.jpg 150w, https:\/\/fako-rft.ch\/fako\/wp-content\/uploads\/2025\/03\/IMG-20250303-WA0006-600x600.jpg 600w\" sizes=\"(max-width: 150px) 100vw, 150px\" \/><\/a>\n\t\t\t<\/div><\/figure><figure class='gallery-item'>\n\t\t\t<div class='gallery-icon landscape'>\n\t\t\t\t<a data-elementor-open-lightbox=\"yes\" data-elementor-lightbox-slideshow=\"30f1e549\" data-elementor-lightbox-title=\"IMG-20250303-WA0001\" data-e-action-hash=\"#elementor-action%3Aaction%3Dlightbox%26settings%3DeyJpZCI6MzIyNSwidXJsIjoiaHR0cHM6XC9cL2Zha28tcmZ0LmNoXC9mYWtvXC93cC1jb250ZW50XC91cGxvYWRzXC8yMDI1XC8wM1wvSU1HLTIwMjUwMzAzLVdBMDAwMS5qcGciLCJzbGlkZXNob3ciOiIzMGYxZTU0OSJ9\" href='https:\/\/fako-rft.ch\/fako\/wp-content\/uploads\/2025\/03\/IMG-20250303-WA0001.jpg'><img loading=\"lazy\" decoding=\"async\" width=\"150\" height=\"150\" src=\"https:\/\/fako-rft.ch\/fako\/wp-content\/uploads\/2025\/03\/IMG-20250303-WA0001-150x150.jpg\" class=\"attachment-thumbnail size-thumbnail\" alt=\"\" srcset=\"https:\/\/fako-rft.ch\/fako\/wp-content\/uploads\/2025\/03\/IMG-20250303-WA0001-150x150.jpg 150w, https:\/\/fako-rft.ch\/fako\/wp-content\/uploads\/2025\/03\/IMG-20250303-WA0001-600x600.jpg 600w\" sizes=\"(max-width: 150px) 100vw, 150px\" \/><\/a>\n\t\t\t<\/div><\/figure><figure class='gallery-item'>\n\t\t\t<div class='gallery-icon landscape'>\n\t\t\t\t<a data-elementor-open-lightbox=\"yes\" data-elementor-lightbox-slideshow=\"30f1e549\" data-elementor-lightbox-title=\"IMG-20250303-WA0002\" data-e-action-hash=\"#elementor-action%3Aaction%3Dlightbox%26settings%3DeyJpZCI6MzIyNiwidXJsIjoiaHR0cHM6XC9cL2Zha28tcmZ0LmNoXC9mYWtvXC93cC1jb250ZW50XC91cGxvYWRzXC8yMDI1XC8wM1wvSU1HLTIwMjUwMzAzLVdBMDAwMi5qcGciLCJzbGlkZXNob3ciOiIzMGYxZTU0OSJ9\" href='https:\/\/fako-rft.ch\/fako\/wp-content\/uploads\/2025\/03\/IMG-20250303-WA0002.jpg'><img loading=\"lazy\" decoding=\"async\" width=\"150\" height=\"150\" src=\"https:\/\/fako-rft.ch\/fako\/wp-content\/uploads\/2025\/03\/IMG-20250303-WA0002-150x150.jpg\" class=\"attachment-thumbnail size-thumbnail\" alt=\"\" srcset=\"https:\/\/fako-rft.ch\/fako\/wp-content\/uploads\/2025\/03\/IMG-20250303-WA0002-150x150.jpg 150w, https:\/\/fako-rft.ch\/fako\/wp-content\/uploads\/2025\/03\/IMG-20250303-WA0002-600x600.jpg 600w\" sizes=\"(max-width: 150px) 100vw, 150px\" \/><\/a>\n\t\t\t<\/div><\/figure><figure class='gallery-item'>\n\t\t\t<div class='gallery-icon landscape'>\n\t\t\t\t<a data-elementor-open-lightbox=\"yes\" data-elementor-lightbox-slideshow=\"30f1e549\" data-elementor-lightbox-title=\"IMG-20250305-WA0004\" data-e-action-hash=\"#elementor-action%3Aaction%3Dlightbox%26settings%3DeyJpZCI6MzIyOSwidXJsIjoiaHR0cHM6XC9cL2Zha28tcmZ0LmNoXC9mYWtvXC93cC1jb250ZW50XC91cGxvYWRzXC8yMDI1XC8wM1wvSU1HLTIwMjUwMzA1LVdBMDAwNC5qcGciLCJzbGlkZXNob3ciOiIzMGYxZTU0OSJ9\" href='https:\/\/fako-rft.ch\/fako\/wp-content\/uploads\/2025\/03\/IMG-20250305-WA0004.jpg'><img loading=\"lazy\" decoding=\"async\" width=\"150\" height=\"150\" src=\"https:\/\/fako-rft.ch\/fako\/wp-content\/uploads\/2025\/03\/IMG-20250305-WA0004-150x150.jpg\" class=\"attachment-thumbnail size-thumbnail\" alt=\"\" srcset=\"https:\/\/fako-rft.ch\/fako\/wp-content\/uploads\/2025\/03\/IMG-20250305-WA0004-150x150.jpg 150w, https:\/\/fako-rft.ch\/fako\/wp-content\/uploads\/2025\/03\/IMG-20250305-WA0004-600x600.jpg 600w\" sizes=\"(max-width: 150px) 100vw, 150px\" \/><\/a>\n\t\t\t<\/div><\/figure><figure class='gallery-item'>\n\t\t\t<div class='gallery-icon portrait'>\n\t\t\t\t<a data-elementor-open-lightbox=\"yes\" data-elementor-lightbox-slideshow=\"30f1e549\" data-elementor-lightbox-title=\"IMG-20250305-WA0014\" data-e-action-hash=\"#elementor-action%3Aaction%3Dlightbox%26settings%3DeyJpZCI6MzIzMywidXJsIjoiaHR0cHM6XC9cL2Zha28tcmZ0LmNoXC9mYWtvXC93cC1jb250ZW50XC91cGxvYWRzXC8yMDI1XC8wM1wvSU1HLTIwMjUwMzA1LVdBMDAxNC5qcGciLCJzbGlkZXNob3ciOiIzMGYxZTU0OSJ9\" href='https:\/\/fako-rft.ch\/fako\/wp-content\/uploads\/2025\/03\/IMG-20250305-WA0014.jpg'><img loading=\"lazy\" decoding=\"async\" width=\"150\" height=\"150\" src=\"https:\/\/fako-rft.ch\/fako\/wp-content\/uploads\/2025\/03\/IMG-20250305-WA0014-150x150.jpg\" class=\"attachment-thumbnail size-thumbnail\" alt=\"\" srcset=\"https:\/\/fako-rft.ch\/fako\/wp-content\/uploads\/2025\/03\/IMG-20250305-WA0014-150x150.jpg 150w, https:\/\/fako-rft.ch\/fako\/wp-content\/uploads\/2025\/03\/IMG-20250305-WA0014-600x600.jpg 600w\" sizes=\"(max-width: 150px) 100vw, 150px\" \/><\/a>\n\t\t\t<\/div><\/figure><figure class='gallery-item'>\n\t\t\t<div class='gallery-icon portrait'>\n\t\t\t\t<a data-elementor-open-lightbox=\"yes\" data-elementor-lightbox-slideshow=\"30f1e549\" data-elementor-lightbox-title=\"IMG-20250305-WA0008\" data-e-action-hash=\"#elementor-action%3Aaction%3Dlightbox%26settings%3DeyJpZCI6MzIzMiwidXJsIjoiaHR0cHM6XC9cL2Zha28tcmZ0LmNoXC9mYWtvXC93cC1jb250ZW50XC91cGxvYWRzXC8yMDI1XC8wM1wvSU1HLTIwMjUwMzA1LVdBMDAwOC5qcGciLCJzbGlkZXNob3ciOiIzMGYxZTU0OSJ9\" href='https:\/\/fako-rft.ch\/fako\/wp-content\/uploads\/2025\/03\/IMG-20250305-WA0008.jpg'><img loading=\"lazy\" decoding=\"async\" width=\"150\" height=\"150\" src=\"https:\/\/fako-rft.ch\/fako\/wp-content\/uploads\/2025\/03\/IMG-20250305-WA0008-150x150.jpg\" class=\"attachment-thumbnail size-thumbnail\" alt=\"\" srcset=\"https:\/\/fako-rft.ch\/fako\/wp-content\/uploads\/2025\/03\/IMG-20250305-WA0008-150x150.jpg 150w, https:\/\/fako-rft.ch\/fako\/wp-content\/uploads\/2025\/03\/IMG-20250305-WA0008-600x600.jpg 600w\" sizes=\"(max-width: 150px) 100vw, 150px\" \/><\/a>\n\t\t\t<\/div><\/figure><figure class='gallery-item'>\n\t\t\t<div class='gallery-icon portrait'>\n\t\t\t\t<a data-elementor-open-lightbox=\"yes\" data-elementor-lightbox-slideshow=\"30f1e549\" data-elementor-lightbox-title=\"IMG-20250305-WA0006\" data-e-action-hash=\"#elementor-action%3Aaction%3Dlightbox%26settings%3DeyJpZCI6MzIzMCwidXJsIjoiaHR0cHM6XC9cL2Zha28tcmZ0LmNoXC9mYWtvXC93cC1jb250ZW50XC91cGxvYWRzXC8yMDI1XC8wM1wvSU1HLTIwMjUwMzA1LVdBMDAwNi5qcGciLCJzbGlkZXNob3ciOiIzMGYxZTU0OSJ9\" href='https:\/\/fako-rft.ch\/fako\/wp-content\/uploads\/2025\/03\/IMG-20250305-WA0006.jpg'><img loading=\"lazy\" decoding=\"async\" width=\"150\" height=\"150\" src=\"https:\/\/fako-rft.ch\/fako\/wp-content\/uploads\/2025\/03\/IMG-20250305-WA0006-150x150.jpg\" class=\"attachment-thumbnail size-thumbnail\" alt=\"\" srcset=\"https:\/\/fako-rft.ch\/fako\/wp-content\/uploads\/2025\/03\/IMG-20250305-WA0006-150x150.jpg 150w, https:\/\/fako-rft.ch\/fako\/wp-content\/uploads\/2025\/03\/IMG-20250305-WA0006-600x600.jpg 600w\" sizes=\"(max-width: 150px) 100vw, 150px\" \/><\/a>\n\t\t\t<\/div><\/figure><figure class='gallery-item'>\n\t\t\t<div class='gallery-icon portrait'>\n\t\t\t\t<a data-elementor-open-lightbox=\"yes\" data-elementor-lightbox-slideshow=\"30f1e549\" data-elementor-lightbox-title=\"IMG-20250305-WA0016\" data-e-action-hash=\"#elementor-action%3Aaction%3Dlightbox%26settings%3DeyJpZCI6MzIzNCwidXJsIjoiaHR0cHM6XC9cL2Zha28tcmZ0LmNoXC9mYWtvXC93cC1jb250ZW50XC91cGxvYWRzXC8yMDI1XC8wM1wvSU1HLTIwMjUwMzA1LVdBMDAxNi5qcGciLCJzbGlkZXNob3ciOiIzMGYxZTU0OSJ9\" href='https:\/\/fako-rft.ch\/fako\/wp-content\/uploads\/2025\/03\/IMG-20250305-WA0016.jpg'><img loading=\"lazy\" decoding=\"async\" width=\"150\" height=\"150\" src=\"https:\/\/fako-rft.ch\/fako\/wp-content\/uploads\/2025\/03\/IMG-20250305-WA0016-150x150.jpg\" class=\"attachment-thumbnail size-thumbnail\" alt=\"\" srcset=\"https:\/\/fako-rft.ch\/fako\/wp-content\/uploads\/2025\/03\/IMG-20250305-WA0016-150x150.jpg 150w, https:\/\/fako-rft.ch\/fako\/wp-content\/uploads\/2025\/03\/IMG-20250305-WA0016-600x600.jpg 600w\" sizes=\"(max-width: 150px) 100vw, 150px\" \/><\/a>\n\t\t\t<\/div><\/figure><figure class='gallery-item'>\n\t\t\t<div class='gallery-icon portrait'>\n\t\t\t\t<a data-elementor-open-lightbox=\"yes\" data-elementor-lightbox-slideshow=\"30f1e549\" data-elementor-lightbox-title=\"IMG-20250305-WA0017\" data-e-action-hash=\"#elementor-action%3Aaction%3Dlightbox%26settings%3DeyJpZCI6MzIzNSwidXJsIjoiaHR0cHM6XC9cL2Zha28tcmZ0LmNoXC9mYWtvXC93cC1jb250ZW50XC91cGxvYWRzXC8yMDI1XC8wM1wvSU1HLTIwMjUwMzA1LVdBMDAxNy5qcGciLCJzbGlkZXNob3ciOiIzMGYxZTU0OSJ9\" href='https:\/\/fako-rft.ch\/fako\/wp-content\/uploads\/2025\/03\/IMG-20250305-WA0017.jpg'><img loading=\"lazy\" decoding=\"async\" width=\"150\" height=\"150\" src=\"https:\/\/fako-rft.ch\/fako\/wp-content\/uploads\/2025\/03\/IMG-20250305-WA0017-150x150.jpg\" class=\"attachment-thumbnail size-thumbnail\" alt=\"\" srcset=\"https:\/\/fako-rft.ch\/fako\/wp-content\/uploads\/2025\/03\/IMG-20250305-WA0017-150x150.jpg 150w, https:\/\/fako-rft.ch\/fako\/wp-content\/uploads\/2025\/03\/IMG-20250305-WA0017-600x600.jpg 600w\" sizes=\"(max-width: 150px) 100vw, 150px\" \/><\/a>\n\t\t\t<\/div><\/figure>\n\t\t<\/div>\n\t\t<\/div>\n\t\t\t\t\t\t<\/div>\n\t\t\t\t<\/div>\n\t\t\t\t<\/div>\n\t\t\t\t\t<\/div>\n\t\t\t\t<\/div>\n\t\t\t\t<\/div>\n\t\t","protected":false},"excerpt":{"rendered":"<p>Bubenfastnacht Bubenmarsch Am 28.02.2025 durften wir vom FAKO RFT den Bubenmarsch der Bassersdorfer Bubenfastnacht bei uns in Rorbas herzlich willkommen heissen. Die ungeschw\u00e4chte Truppe bestehend aus Narren, N\u00e4rrinnen, Tambouren und Pajasse, welche den Fussmarsch von Bassersdorf zu uns nach Rorbas unter die F\u00fcsse genommen hatten, wurden von uns im Sch\u00fctzenhaus Rorbas in Empfang genommen, wo [&hellip;]<\/p>\n","protected":false},"author":1,"featured_media":0,"parent":0,"menu_order":0,"comment_status":"closed","ping_status":"closed","template":"","meta":{"ocean_post_layout":"full-screen","ocean_both_sidebars_style":"","ocean_both_sidebars_content_width":0,"ocean_both_sidebars_sidebars_width":0,"ocean_sidebar":"","ocean_second_sidebar":"","ocean_disable_margins":"enable","ocean_add_body_class":"","ocean_shortcode_before_top_bar":"","ocean_shortcode_after_top_bar":"","ocean_shortcode_before_header":"","ocean_shortcode_after_header":"","ocean_has_shortcode":"","ocean_shortcode_after_title":"","ocean_shortcode_before_footer_widgets":"","ocean_shortcode_after_footer_widgets":"","ocean_shortcode_before_footer_bottom":"","ocean_shortcode_after_footer_bottom":"","ocean_display_top_bar":"off","ocean_display_header":"default","ocean_header_style":"","ocean_center_header_left_menu":"","ocean_custom_header_template":"","ocean_custom_logo":0,"ocean_custom_retina_logo":0,"ocean_custom_logo_max_width":0,"ocean_custom_logo_tablet_max_width":0,"ocean_custom_logo_mobile_max_width":0,"ocean_custom_logo_max_height":0,"ocean_custom_logo_tablet_max_height":0,"ocean_custom_logo_mobile_max_height":0,"ocean_header_custom_menu":"","ocean_menu_typo_font_family":"","ocean_menu_typo_font_subset":"","ocean_menu_typo_font_size":0,"ocean_menu_typo_font_size_tablet":0,"ocean_menu_typo_font_size_mobile":0,"ocean_menu_typo_font_size_unit":"px","ocean_menu_typo_font_weight":"","ocean_menu_typo_font_weight_tablet":"","ocean_menu_typo_font_weight_mobile":"","ocean_menu_typo_transform":"","ocean_menu_typo_transform_tablet":"","ocean_menu_typo_transform_mobile":"","ocean_menu_typo_line_height":0,"ocean_menu_typo_line_height_tablet":0,"ocean_menu_typo_line_height_mobile":0,"ocean_menu_typo_line_height_unit":"","ocean_menu_typo_spacing":0,"ocean_menu_typo_spacing_tablet":0,"ocean_menu_typo_spacing_mobile":0,"ocean_menu_typo_spacing_unit":"","ocean_menu_link_color":"","ocean_menu_link_color_hover":"","ocean_menu_link_color_active":"","ocean_menu_link_background":"","ocean_menu_link_hover_background":"","ocean_menu_link_active_background":"","ocean_menu_social_links_bg":"","ocean_menu_social_hover_links_bg":"","ocean_menu_social_links_color":"","ocean_menu_social_hover_links_color":"","ocean_disable_title":"on","ocean_disable_heading":"default","ocean_post_title":"","ocean_post_subheading":"","ocean_post_title_style":"","ocean_post_title_background_color":"","ocean_post_title_background":0,"ocean_post_title_bg_image_position":"","ocean_post_title_bg_image_attachment":"","ocean_post_title_bg_image_repeat":"","ocean_post_title_bg_image_size":"","ocean_post_title_height":0,"ocean_post_title_bg_overlay":0.5,"ocean_post_title_bg_overlay_color":"","ocean_disable_breadcrumbs":"default","ocean_breadcrumbs_color":"","ocean_breadcrumbs_separator_color":"","ocean_breadcrumbs_links_color":"","ocean_breadcrumbs_links_hover_color":"","ocean_display_footer_widgets":"off","ocean_display_footer_bottom":"off","ocean_custom_footer_template":"","footnotes":""},"class_list":["post-3216","page","type-page","status-publish","hentry","entry"],"_links":{"self":[{"href":"https:\/\/fako-rft.ch\/fako\/wp-json\/wp\/v2\/pages\/3216","targetHints":{"allow":["GET"]}}],"collection":[{"href":"https:\/\/fako-rft.ch\/fako\/wp-json\/wp\/v2\/pages"}],"about":[{"href":"https:\/\/fako-rft.ch\/fako\/wp-json\/wp\/v2\/types\/page"}],"author":[{"embeddable":true,"href":"https:\/\/fako-rft.ch\/fako\/wp-json\/wp\/v2\/users\/1"}],"replies":[{"embeddable":true,"href":"https:\/\/fako-rft.ch\/fako\/wp-json\/wp\/v2\/comments?post=3216"}],"version-history":[{"count":29,"href":"https:\/\/fako-rft.ch\/fako\/wp-json\/wp\/v2\/pages\/3216\/revisions"}],"predecessor-version":[{"id":3370,"href":"https:\/\/fako-rft.ch\/fako\/wp-json\/wp\/v2\/pages\/3216\/revisions\/3370"}],"wp:attachment":[{"href":"https:\/\/fako-rft.ch\/fako\/wp-json\/wp\/v2\/media?parent=3216"}],"curies":[{"name":"wp","href":"https:\/\/api.w.org\/{rel}","templated":true}]}}