{"id":268,"date":"2024-06-27T15:10:24","date_gmt":"2024-06-27T15:10:24","guid":{"rendered":"https:\/\/fako-rft.ch\/fako\/?page_id=268"},"modified":"2024-07-09T15:22:43","modified_gmt":"2024-07-09T15:22:43","slug":"kontakt","status":"publish","type":"page","link":"https:\/\/fako-rft.ch\/fako\/kontakt\/","title":{"rendered":"Email"},"content":{"rendered":"\t\t<div data-elementor-type=\"wp-page\" data-elementor-id=\"268\" class=\"elementor elementor-268\" data-elementor-post-type=\"page\">\n\t\t\t\t<div class=\"elementor-element elementor-element-26980c55 e-flex e-con-boxed e-con e-parent\" data-id=\"26980c55\" data-element_type=\"container\" data-settings=\"{&quot;background_background&quot;:&quot;classic&quot;}\">\n\t\t\t\t\t<div class=\"e-con-inner\">\n\t\t<div class=\"elementor-element elementor-element-ccfb371 e-con-full e-flex e-con e-child\" data-id=\"ccfb371\" data-element_type=\"container\">\n\t\t\t\t<div class=\"elementor-element elementor-element-77eb885e elementor-widget elementor-widget-heading\" data-id=\"77eb885e\" data-element_type=\"widget\" data-widget_type=\"heading.default\">\n\t\t\t\t<div class=\"elementor-widget-container\">\n\t\t\t\t\t<h2 class=\"elementor-heading-title elementor-size-default\">Kontakt<\/h2>\t\t\t\t<\/div>\n\t\t\t\t<\/div>\n\t\t<div class=\"elementor-element elementor-element-41e21523 e-con-full e-flex e-con e-child\" data-id=\"41e21523\" data-element_type=\"container\">\n\t\t\t\t<\/div>\n\t\t\t\t<div class=\"elementor-element elementor-element-23007bfd elementor-widget elementor-widget-text-editor\" data-id=\"23007bfd\" data-element_type=\"widget\" data-widget_type=\"text-editor.default\">\n\t\t\t\t<div class=\"elementor-widget-container\">\n\t\t\t\t\t\t\t\t\t<h3><span style=\"color: #ffff00;\"><strong>Habt Ihr Fragen, Anliegen oder auch Lob und Dank?<\/strong><\/span><\/h3><h3><span style=\"color: #ffff00;\"><strong>Dann findet Ihr unten einige aufgef\u00fchrte E-Mailadressen, welche euch zur richtigen Ansprechperson leitet. Wir sind bem\u00fcht euch schnellst m\u00f6glichst zu antworten.<\/strong><\/span><\/h3>\t\t\t\t\t\t\t\t<\/div>\n\t\t\t\t<\/div>\n\t\t\t\t<div class=\"elementor-element elementor-element-d66c0b4 elementor-widget elementor-widget-text-editor\" data-id=\"d66c0b4\" data-element_type=\"widget\" data-widget_type=\"text-editor.default\">\n\t\t\t\t<div class=\"elementor-widget-container\">\n\t\t\t\t\t\t\t\t\t<div class=\"art-layout-wrapper\"><div class=\"art-content-layout\"><div class=\"art-content-layout-row\"><div class=\"art-layout-cell art-content\"><div class=\"blog\"><div class=\"items-leading\"><div class=\"leading-0\"><article class=\"art-post\"><div class=\"art-postcontent clearfix\"><div class=\"art-article\"><h2 style=\"text-align: center;\"><strong><span style=\"color: #ffff00;\">Fragen an unser Fako-Team<\/span><br \/><\/strong><span id=\"cloak38b202cbd9ea8f3db3a4014deae86000\"><a href=\"mailto:info@fako-rft.ch\">info@fako-rft.ch<\/a><\/span><\/h2><hr \/><h2 style=\"text-align: center;\"><strong><span style=\"color: #ffff00;\">Anmeldung\u00a0 Maskenball<\/span><br \/><\/strong><span id=\"cloak56e12b821eccb4ad757df9e7da145d43\"><a href=\"mailto:maskenball@fako-rft.ch\">maskenball@fako-rft.ch<\/a><\/span><\/h2><hr \/><h2 style=\"text-align: center;\"><strong><span style=\"color: #ffff00;\">Anmeldung Umzugs<\/span><br \/><\/strong><span id=\"cloak87542f4776c178993fb3b67908272d8f\"><a href=\"mailto:umzug@fako-rft.ch\">umzug@fako-rft.ch<\/a><\/span><\/h2><hr \/><h2 style=\"text-align: center;\"><strong><span style=\"color: #ffff00;\">Finanzen<\/span><br \/><\/strong><span id=\"cloak4b5bdab4487efe9e52b2b9c593424aae\"><a href=\"mailto:finanzen@fako-rft.ch\">finanzen@fako-rft.ch<\/a><\/span><\/h2><hr \/><h2 style=\"text-align: center;\"><strong><span style=\"color: #ffff00;\">Festwirtschaft<\/span><br \/><\/strong><span id=\"cloak3d4d6a6df0ae3b05c24a611cb3db3e42\"><a href=\"mailto:festwirtschaft@fako-rft.ch\">festwirtschaft@fako-rft.ch<\/a><\/span><\/h2><hr \/><h2 style=\"text-align: center;\"><strong><span style=\"color: #ffff00;\">Sponsoring<\/span><br \/><\/strong><span id=\"cloaka9a34840c0c1418ee9157cc182b2a453\"><a href=\"mailto:sponsoring@fako-rft.ch\">sponsoring@fako-rft.ch<\/a><\/span><\/h2><hr \/><h2 style=\"text-align: center;\"><strong><span style=\"color: #ffff00;\">Bewilligungen<\/span><br \/><\/strong><span id=\"cloake61d8d000a067a15bce7d215b1245346\"><a href=\"mailto:bewilligung@fako-rft.ch\">bewilligung@fako-rft.ch<\/a><\/span><\/h2><hr \/><h2 style=\"text-align: center;\"><strong><span style=\"color: #ffff00;\">Helfer<\/span><br \/><\/strong><span id=\"cloak7fdd9b6337bfcc2a6fca318a6bd0e3d2\"><a href=\"mailto:helfer@fako-rft.ch\">helfer@fako-rft.ch<\/a><\/span><\/h2><hr \/><h2 style=\"text-align: center;\"><strong><span style=\"color: #ffff00;\">Auf- und Abbau<\/span><br \/><\/strong><span id=\"cloak4749bd26d58fc3b8f31d3f54759ea52b\"><a href=\"mailto:aufbau@fako-rft.ch\">aufbau@fako-rft.ch<\/a><\/span><\/h2><hr \/><h2 style=\"text-align: center;\"><strong><span style=\"color: #ffff00;\">Medien und Presse<\/span><br \/><\/strong><span id=\"cloakfaf29c0a5e31cbc7ed69b9936f9ede3b\"><a href=\"mailto:presse@fako-rft.ch\">presse@fako-rft.ch<\/a><\/span><\/h2><hr \/><h2 style=\"text-align: center;\"><strong><span style=\"color: #ffff00;\">Homepage \/ Ton- und Lichttechnik<\/span><br \/><\/strong><span id=\"cloak603d781e1463db4052721dc3df90b91c\"><a href=\"mailto:technik@fako-rft.ch\">technik@fako-rft.ch<\/a><\/span><\/h2><\/div><\/div><\/article><\/div><\/div><\/div><\/div><\/div><\/div><\/div>\t\t\t\t\t\t\t\t<\/div>\n\t\t\t\t<\/div>\n\t\t\t\t<\/div>\n\t\t\t\t\t<\/div>\n\t\t\t\t<\/div>\n\t\t\t\t<\/div>\n\t\t","protected":false},"excerpt":{"rendered":"<p>Kontakt Habt Ihr Fragen, Anliegen oder auch Lob und Dank? Dann findet Ihr unten einige aufgef\u00fchrte E-Mailadressen, welche euch zur richtigen Ansprechperson leitet. Wir sind bem\u00fcht euch schnellst m\u00f6glichst zu antworten. Fragen an unser Fako-Teaminfo@fako-rft.ch Anmeldung\u00a0 Maskenballmaskenball@fako-rft.ch Anmeldung Umzugsumzug@fako-rft.ch Finanzenfinanzen@fako-rft.ch Festwirtschaftfestwirtschaft@fako-rft.ch Sponsoringsponsoring@fako-rft.ch Bewilligungenbewilligung@fako-rft.ch Helferhelfer@fako-rft.ch Auf- und Abbauaufbau@fako-rft.ch Medien und Pressepresse@fako-rft.ch Homepage \/ Ton- und Lichttechniktechnik@fako-rft.ch<\/p>\n","protected":false},"author":1,"featured_media":0,"parent":0,"menu_order":0,"comment_status":"closed","ping_status":"closed","template":"","meta":{"ocean_post_layout":"full-screen","ocean_both_sidebars_style":"","ocean_both_sidebars_content_width":0,"ocean_both_sidebars_sidebars_width":0,"ocean_sidebar":"","ocean_second_sidebar":"","ocean_disable_margins":"enable","ocean_add_body_class":"","ocean_shortcode_before_top_bar":"","ocean_shortcode_after_top_bar":"","ocean_shortcode_before_header":"","ocean_shortcode_after_header":"","ocean_has_shortcode":"","ocean_shortcode_after_title":"","ocean_shortcode_before_footer_widgets":"","ocean_shortcode_after_footer_widgets":"","ocean_shortcode_before_footer_bottom":"","ocean_shortcode_after_footer_bottom":"","ocean_display_top_bar":"off","ocean_display_header":"default","ocean_header_style":"","ocean_center_header_left_menu":"","ocean_custom_header_template":"","ocean_custom_logo":0,"ocean_custom_retina_logo":0,"ocean_custom_logo_max_width":0,"ocean_custom_logo_tablet_max_width":0,"ocean_custom_logo_mobile_max_width":0,"ocean_custom_logo_max_height":0,"ocean_custom_logo_tablet_max_height":0,"ocean_custom_logo_mobile_max_height":0,"ocean_header_custom_menu":"","ocean_menu_typo_font_family":"","ocean_menu_typo_font_subset":"","ocean_menu_typo_font_size":0,"ocean_menu_typo_font_size_tablet":0,"ocean_menu_typo_font_size_mobile":0,"ocean_menu_typo_font_size_unit":"px","ocean_menu_typo_font_weight":"","ocean_menu_typo_font_weight_tablet":"","ocean_menu_typo_font_weight_mobile":"","ocean_menu_typo_transform":"","ocean_menu_typo_transform_tablet":"","ocean_menu_typo_transform_mobile":"","ocean_menu_typo_line_height":0,"ocean_menu_typo_line_height_tablet":0,"ocean_menu_typo_line_height_mobile":0,"ocean_menu_typo_line_height_unit":"","ocean_menu_typo_spacing":0,"ocean_menu_typo_spacing_tablet":0,"ocean_menu_typo_spacing_mobile":0,"ocean_menu_typo_spacing_unit":"","ocean_menu_link_color":"","ocean_menu_link_color_hover":"","ocean_menu_link_color_active":"","ocean_menu_link_background":"","ocean_menu_link_hover_background":"","ocean_menu_link_active_background":"","ocean_menu_social_links_bg":"","ocean_menu_social_hover_links_bg":"","ocean_menu_social_links_color":"","ocean_menu_social_hover_links_color":"","ocean_disable_title":"on","ocean_disable_heading":"default","ocean_post_title":"","ocean_post_subheading":"","ocean_post_title_style":"","ocean_post_title_background_color":"","ocean_post_title_background":0,"ocean_post_title_bg_image_position":"","ocean_post_title_bg_image_attachment":"","ocean_post_title_bg_image_repeat":"","ocean_post_title_bg_image_size":"","ocean_post_title_height":0,"ocean_post_title_bg_overlay":0.5,"ocean_post_title_bg_overlay_color":"","ocean_disable_breadcrumbs":"default","ocean_breadcrumbs_color":"","ocean_breadcrumbs_separator_color":"","ocean_breadcrumbs_links_color":"","ocean_breadcrumbs_links_hover_color":"","ocean_display_footer_widgets":"off","ocean_display_footer_bottom":"off","ocean_custom_footer_template":"","footnotes":""},"class_list":["post-268","page","type-page","status-publish","hentry","entry"],"_links":{"self":[{"href":"https:\/\/fako-rft.ch\/fako\/wp-json\/wp\/v2\/pages\/268","targetHints":{"allow":["GET"]}}],"collection":[{"href":"https:\/\/fako-rft.ch\/fako\/wp-json\/wp\/v2\/pages"}],"about":[{"href":"https:\/\/fako-rft.ch\/fako\/wp-json\/wp\/v2\/types\/page"}],"author":[{"embeddable":true,"href":"https:\/\/fako-rft.ch\/fako\/wp-json\/wp\/v2\/users\/1"}],"replies":[{"embeddable":true,"href":"https:\/\/fako-rft.ch\/fako\/wp-json\/wp\/v2\/comments?post=268"}],"version-history":[{"count":15,"href":"https:\/\/fako-rft.ch\/fako\/wp-json\/wp\/v2\/pages\/268\/revisions"}],"predecessor-version":[{"id":908,"href":"https:\/\/fako-rft.ch\/fako\/wp-json\/wp\/v2\/pages\/268\/revisions\/908"}],"wp:attachment":[{"href":"https:\/\/fako-rft.ch\/fako\/wp-json\/wp\/v2\/media?parent=268"}],"curies":[{"name":"wp","href":"https:\/\/api.w.org\/{rel}","templated":true}]}}