{"id":15,"date":"2024-06-23T08:09:29","date_gmt":"2024-06-23T08:09:29","guid":{"rendered":"https:\/\/fako-rft.ch\/fako\/?page_id=15"},"modified":"2026-04-06T08:04:20","modified_gmt":"2026-04-06T08:04:20","slug":"fako-rft","status":"publish","type":"page","link":"https:\/\/fako-rft.ch\/fako\/fako-rft\/","title":{"rendered":"Fako RFT"},"content":{"rendered":"\t\t<div data-elementor-type=\"wp-page\" data-elementor-id=\"15\" class=\"elementor elementor-15\" data-elementor-post-type=\"page\">\n\t\t\t\t<div class=\"elementor-element elementor-element-9c3bcb1 e-flex e-con-boxed e-con e-parent\" data-id=\"9c3bcb1\" data-element_type=\"container\" data-settings=\"{&quot;background_background&quot;:&quot;classic&quot;}\">\n\t\t\t\t\t<div class=\"e-con-inner\">\n\t\t<div class=\"elementor-element elementor-element-8bf0348 e-con-full e-flex e-con e-child\" data-id=\"8bf0348\" data-element_type=\"container\">\n\t\t\t\t<div class=\"elementor-element elementor-element-392c035 elementor-widget elementor-widget-heading\" data-id=\"392c035\" data-element_type=\"widget\" data-widget_type=\"heading.default\">\n\t\t\t\t<div class=\"elementor-widget-container\">\n\t\t\t\t\t<h2 class=\"elementor-heading-title elementor-size-default\">\u00dcber uns<\/h2>\t\t\t\t<\/div>\n\t\t\t\t<\/div>\n\t\t<div class=\"elementor-element elementor-element-eca211e e-con-full e-flex e-con e-child\" data-id=\"eca211e\" data-element_type=\"container\">\n\t\t\t\t<div class=\"elementor-element elementor-element-83be4cb elementor-widget elementor-widget-heading\" data-id=\"83be4cb\" data-element_type=\"widget\" data-widget_type=\"heading.default\">\n\t\t\t\t<div class=\"elementor-widget-container\">\n\t\t\t\t\t<h2 class=\"elementor-heading-title elementor-size-default\">Sinder parat f\u00fcr di\u00e4 f\u00fcfti Jahresziit?<\/h2>\t\t\t\t<\/div>\n\t\t\t\t<\/div>\n\t\t\t\t<\/div>\n\t\t\t\t<div class=\"elementor-element elementor-element-1c9c1d2 elementor-widget elementor-widget-text-editor\" data-id=\"1c9c1d2\" data-element_type=\"widget\" data-widget_type=\"text-editor.default\">\n\t\t\t\t<div class=\"elementor-widget-container\">\n\t\t\t\t\t\t\t\t\t<div><em><strong>\u00d6b Sunne, Schnee oder R\u00e4g\u00e4,<\/strong><\/em><\/div><div><em><strong>d\u2018Fasnacht isch en wahre S\u00e4g\u00e4.<\/strong><\/em><\/div><div><em><strong>\u00a0<\/strong><\/em><\/div><div><em><strong>Usgiebig sTanzbei schwing\u00e4,<\/strong><\/em><\/div><div><em><strong>mittenand jaul\u00e4 und sing\u00e4,<\/strong><\/em><\/div><div><em><strong>di\u00e4 f\u00fcft Jahresziit fiir\u00e4,<\/strong><\/em><\/div><div><em><strong>de Winter mit toll\u00e4 Maske vertrieb\u00e4.<\/strong><\/em><\/div><div><em><strong>\u00a0<\/strong><\/em><\/div><div><em><strong>Jede d\u00f6rf \u00e4n andere si,<\/strong><\/em><\/div><div><em><strong>de eini gross, de anderi chli,<\/strong><\/em><\/div><div><em><strong>de eini h\u00e4rzig, de anderi gruslig,<\/strong><\/em><\/div><div><em><strong>de eini luut, de andri lieslig.<\/strong><\/em><\/div><div><em><strong>\u00a0<\/strong><\/em><\/div><div><em><strong>I d\u00e4 f\u00fcfte Jahresziit simmer alli glich,<\/strong><\/em><\/div><div><em><strong>\u00f6b alt, jung, arm oder riich,<\/strong><\/em><\/div><div><em><strong>ganz egal das chunnt n\u00f6d durf a,<\/strong><\/em><\/div><div><em><strong>w\u00f6nnd z\u00e4mm\u00e4 eifach e geili Ziit ha.<\/strong><\/em><\/div>\t\t\t\t\t\t\t\t<\/div>\n\t\t\t\t<\/div>\n\t\t\t\t<div class=\"elementor-element elementor-element-8447353 elementor-widget elementor-widget-text-editor\" data-id=\"8447353\" data-element_type=\"widget\" data-widget_type=\"text-editor.default\">\n\t\t\t\t<div class=\"elementor-widget-container\">\n\t\t\t\t\t\t\t\t\t<div>Die Fasnacht Rorbis, Freiestei, T\u00fc\u00fcfe gibt es schon seit 1983.<\/div><div>\u00a0<\/div><div>Dank unseren <strong>dorfeigenen <a href=\"https:\/\/fako-rft.ch\/fako\/helfer\/\">Vereinen<\/a><\/strong>, unseren grossz\u00fcgigen\u00a0<strong><a href=\"https:\/\/fako-rft.ch\/fako\/sponsoren\/\">Sponsoren<\/a> <\/strong>und den tollen Gastguggen, konnten wir, das FAKO RFT (<em><strong>Fa<\/strong><\/em>snachts<em><strong>ko<\/strong><\/em>mitee <strong><em>R<\/em><\/strong>orbis &#8211; <em><strong>F<\/strong><\/em>reiestei \u2013 <em><strong>T<\/strong><\/em>\u00fc\u00fcfe),\u00a0 in den vergangenen Jahren stetig wachsen.<\/div><div>\u00a0<\/div><div>Unserem <strong>Kinder-Fasnachtsumzug<\/strong>\u00a0<strong><a href=\"https:\/\/fako-rft.ch\/fako\/umzugsroute\/\">(Route)<\/a> am 27.02.2027 \/ 14.00 Uhr, <\/strong>mit dem darauf folgendem Kindermaskenball inkl. Kinderanimation und Maskenpr\u00e4mierung, begeistert gross und klein.<\/div><div>\u00a0<\/div><div>Der traditionelle Maskenball 27.02.2027 \/ 20.00 Uhr, mit DJ und Guggen-Auftritte und anschliessender Maskenpr\u00e4mierung, geh\u00f6rt zu unserem H\u00f6henpunkt.<\/div><div>\u00a0<\/div><div>In den vergangen Jahren, konnten wir ausgiebig zusammen tanzen und lachen.<\/div><div>Unser Steigwiesaal war gef\u00fcllt mit schaurig sch\u00f6nen Maskierungen, toller Musik und fr\u00f6hlichen Gesichter.<\/div><div>\u00a0<\/div><div>Mit dem grossen Umzug 28.02.2027 \/ 13.45 Uhr, lassen wir die f\u00fcnfte Jahreszeit gem\u00fctlich ausklingen.<\/div><div>\u00a0<\/div><div>Wir, das Fako RFT, haben jedes Jahr viel Spass an unserem Amt und freuen uns,<\/div><div>mit euch den Winter zu vertreiben, unvergessliche Momente zu erleben und eine tolle Zeit zusammen zu haben.<\/div>\t\t\t\t\t\t\t\t<\/div>\n\t\t\t\t<\/div>\n\t\t\t\t<\/div>\n\t\t\t\t\t<\/div>\n\t\t\t\t<\/div>\n\t\t\t\t<\/div>\n\t\t","protected":false},"excerpt":{"rendered":"<p>\u00dcber uns Sinder parat f\u00fcr di\u00e4 f\u00fcfti Jahresziit? \u00d6b Sunne, Schnee oder R\u00e4g\u00e4,d\u2018Fasnacht isch en wahre S\u00e4g\u00e4.\u00a0Usgiebig sTanzbei schwing\u00e4,mittenand jaul\u00e4 und sing\u00e4,di\u00e4 f\u00fcft Jahresziit fiir\u00e4,de Winter mit toll\u00e4 Maske vertrieb\u00e4.\u00a0Jede d\u00f6rf \u00e4n andere si,de eini gross, de anderi chli,de eini h\u00e4rzig, de anderi gruslig,de eini luut, de andri lieslig.\u00a0I d\u00e4 f\u00fcfte Jahresziit simmer alli glich,\u00f6b [&hellip;]<\/p>\n","protected":false},"author":1,"featured_media":0,"parent":0,"menu_order":0,"comment_status":"closed","ping_status":"closed","template":"","meta":{"ocean_post_layout":"full-screen","ocean_both_sidebars_style":"","ocean_both_sidebars_content_width":0,"ocean_both_sidebars_sidebars_width":0,"ocean_sidebar":"","ocean_second_sidebar":"","ocean_disable_margins":"enable","ocean_add_body_class":"","ocean_shortcode_before_top_bar":"","ocean_shortcode_after_top_bar":"","ocean_shortcode_before_header":"","ocean_shortcode_after_header":"","ocean_has_shortcode":"","ocean_shortcode_after_title":"","ocean_shortcode_before_footer_widgets":"","ocean_shortcode_after_footer_widgets":"","ocean_shortcode_before_footer_bottom":"","ocean_shortcode_after_footer_bottom":"","ocean_display_top_bar":"off","ocean_display_header":"default","ocean_header_style":"","ocean_center_header_left_menu":"","ocean_custom_header_template":"","ocean_custom_logo":0,"ocean_custom_retina_logo":0,"ocean_custom_logo_max_width":0,"ocean_custom_logo_tablet_max_width":0,"ocean_custom_logo_mobile_max_width":0,"ocean_custom_logo_max_height":0,"ocean_custom_logo_tablet_max_height":0,"ocean_custom_logo_mobile_max_height":0,"ocean_header_custom_menu":"","ocean_menu_typo_font_family":"","ocean_menu_typo_font_subset":"","ocean_menu_typo_font_size":0,"ocean_menu_typo_font_size_tablet":0,"ocean_menu_typo_font_size_mobile":0,"ocean_menu_typo_font_size_unit":"px","ocean_menu_typo_font_weight":"","ocean_menu_typo_font_weight_tablet":"","ocean_menu_typo_font_weight_mobile":"","ocean_menu_typo_transform":"","ocean_menu_typo_transform_tablet":"","ocean_menu_typo_transform_mobile":"","ocean_menu_typo_line_height":0,"ocean_menu_typo_line_height_tablet":0,"ocean_menu_typo_line_height_mobile":0,"ocean_menu_typo_line_height_unit":"","ocean_menu_typo_spacing":0,"ocean_menu_typo_spacing_tablet":0,"ocean_menu_typo_spacing_mobile":0,"ocean_menu_typo_spacing_unit":"","ocean_menu_link_color":"","ocean_menu_link_color_hover":"","ocean_menu_link_color_active":"","ocean_menu_link_background":"","ocean_menu_link_hover_background":"","ocean_menu_link_active_background":"","ocean_menu_social_links_bg":"","ocean_menu_social_hover_links_bg":"","ocean_menu_social_links_color":"","ocean_menu_social_hover_links_color":"","ocean_disable_title":"on","ocean_disable_heading":"default","ocean_post_title":"","ocean_post_subheading":"","ocean_post_title_style":"","ocean_post_title_background_color":"","ocean_post_title_background":0,"ocean_post_title_bg_image_position":"","ocean_post_title_bg_image_attachment":"","ocean_post_title_bg_image_repeat":"","ocean_post_title_bg_image_size":"","ocean_post_title_height":0,"ocean_post_title_bg_overlay":0.5,"ocean_post_title_bg_overlay_color":"","ocean_disable_breadcrumbs":"default","ocean_breadcrumbs_color":"","ocean_breadcrumbs_separator_color":"","ocean_breadcrumbs_links_color":"","ocean_breadcrumbs_links_hover_color":"","ocean_display_footer_widgets":"off","ocean_display_footer_bottom":"off","ocean_custom_footer_template":"","footnotes":""},"class_list":["post-15","page","type-page","status-publish","hentry","entry"],"_links":{"self":[{"href":"https:\/\/fako-rft.ch\/fako\/wp-json\/wp\/v2\/pages\/15","targetHints":{"allow":["GET"]}}],"collection":[{"href":"https:\/\/fako-rft.ch\/fako\/wp-json\/wp\/v2\/pages"}],"about":[{"href":"https:\/\/fako-rft.ch\/fako\/wp-json\/wp\/v2\/types\/page"}],"author":[{"embeddable":true,"href":"https:\/\/fako-rft.ch\/fako\/wp-json\/wp\/v2\/users\/1"}],"replies":[{"embeddable":true,"href":"https:\/\/fako-rft.ch\/fako\/wp-json\/wp\/v2\/comments?post=15"}],"version-history":[{"count":71,"href":"https:\/\/fako-rft.ch\/fako\/wp-json\/wp\/v2\/pages\/15\/revisions"}],"predecessor-version":[{"id":4522,"href":"https:\/\/fako-rft.ch\/fako\/wp-json\/wp\/v2\/pages\/15\/revisions\/4522"}],"wp:attachment":[{"href":"https:\/\/fako-rft.ch\/fako\/wp-json\/wp\/v2\/media?parent=15"}],"curies":[{"name":"wp","href":"https:\/\/api.w.org\/{rel}","templated":true}]}}